{"id":800,"date":"2016-11-02T19:51:49","date_gmt":"2016-11-02T19:51:49","guid":{"rendered":"https:\/\/katherinesoutham.com\/fr\/bio\/"},"modified":"2023-01-26T16:48:08","modified_gmt":"2023-01-26T16:48:08","slug":"bio","status":"publish","type":"page","link":"https:\/\/katherinesoutham.com\/fr\/bio\/","title":{"rendered":"Bio"},"content":{"rendered":"<p>[et_pb_section fb_built=\u00a0\u00bb1&Prime; admin_label=\u00a0\u00bbsection\u00a0\u00bb _builder_version=\u00a0\u00bb4.16&Prime; global_colors_info=\u00a0\u00bb{}\u00a0\u00bb][et_pb_row admin_label=\u00a0\u00bbrow\u00a0\u00bb _builder_version=\u00a0\u00bb4.16&Prime; background_size=\u00a0\u00bbinitial\u00a0\u00bb background_position=\u00a0\u00bbtop_left\u00a0\u00bb background_repeat=\u00a0\u00bbrepeat\u00a0\u00bb global_colors_info=\u00a0\u00bb{}\u00a0\u00bb][et_pb_column type=\u00a0\u00bb4_4&Prime; _builder_version=\u00a0\u00bb4.16&Prime; custom_padding=\u00a0\u00bb|||\u00a0\u00bb global_colors_info=\u00a0\u00bb{}\u00a0\u00bb custom_padding__hover=\u00a0\u00bb|||\u00a0\u00bb][et_pb_text admin_label=\u00a0\u00bbText\u00a0\u00bb _builder_version=\u00a0\u00bb4.19.4&Prime; background_size=\u00a0\u00bbinitial\u00a0\u00bb background_position=\u00a0\u00bbtop_left\u00a0\u00bb background_repeat=\u00a0\u00bbrepeat\u00a0\u00bb hover_enabled=\u00a0\u00bb0&Prime; use_border_color=\u00a0\u00bboff\u00a0\u00bb border_color=\u00a0\u00bb#ffffff\u00a0\u00bb border_style=\u00a0\u00bbsolid\u00a0\u00bb global_colors_info=\u00a0\u00bb{}\u00a0\u00bb text_orientation=\u00a0\u00bbjustified\u00a0\u00bb sticky_enabled=\u00a0\u00bb0&Prime;]<\/p>\n<h1>Biographie<\/h1>\n<p>&nbsp;<\/p>\n<p>Ayant grandi dans les Cantons de l\u2019Est et sur les Lacs Rideau en Ontario, les environnements bois\u00e9s et lacustres furent tout naturellement une source d\u2019inspiration pour le d\u00e9veloppement de ma sensibilit\u00e9 artistique, et ils demeurent parmi les fondements de ma pratique artistique. Des \u00e9tudes en histoire de l\u2019art \u00e0 l\u2019Universit\u00e9 Concordia \u00e0 Montr\u00e9al ont nourri mon vif int\u00e9r\u00eat pour l\u2019iconographie mythologique et le mouvement surr\u00e9aliste. Apr\u00e8s une licence en verre et c\u00e9ramique au National Glass Centre \u00e0 Sunderland, dans le nord de l\u2019Angleterre, j\u2019ai cr\u00e9\u00e9 mon propre atelier et pratiqu\u00e9 le travail de verre coul\u00e9 depuis plus d\u2019une d\u00e9cennie. Plus r\u00e9cemment, j\u2019ai compl\u00e9t\u00e9 une ma\u00eetrise en verre au Edinburgh College of Art, en \u00c9cosse. Je suis actuellement artiste r\u00e9sident au Loretta Studios and Gallery, o\u00f9 je travaille et enseigne le verre coul\u00e9 depuis 7 ans.<\/p>\n<p>[\/et_pb_text][\/et_pb_column][\/et_pb_row][\/et_pb_section]<\/p>\n<span class=\"et_bloom_bottom_trigger\"><\/span>","protected":false},"excerpt":{"rendered":"<p>Biographie &nbsp; Ayant grandi dans les Cantons de l\u2019Est et sur les Lacs Rideau en Ontario, les environnements bois\u00e9s et lacustres furent tout naturellement une source d\u2019inspiration pour le d\u00e9veloppement de ma sensibilit\u00e9 artistique, et ils demeurent parmi les fondements de ma pratique artistique. Des \u00e9tudes en histoire de l\u2019art \u00e0 l\u2019Universit\u00e9 Concordia \u00e0 Montr\u00e9al [&hellip;]<\/p>\n","protected":false},"author":1,"featured_media":0,"parent":0,"menu_order":0,"comment_status":"closed","ping_status":"closed","template":"","meta":{"_et_pb_use_builder":"on","_et_pb_old_content":"","_et_gb_content_width":"","footnotes":""},"class_list":["post-800","page","type-page","status-publish","hentry"],"yoast_head":"<!-- This site is optimized with the Yoast SEO plugin v23.0 - https:\/\/yoast.com\/wordpress\/plugins\/seo\/ -->\n<title>Bio - Katherine Southam<\/title>\n<meta name=\"robots\" content=\"index, follow, max-snippet:-1, max-image-preview:large, max-video-preview:-1\" \/>\n<link rel=\"canonical\" href=\"https:\/\/katherinesoutham.com\/fr\/bio\/\" \/>\n<meta property=\"og:locale\" content=\"fr_FR\" \/>\n<meta property=\"og:type\" content=\"article\" \/>\n<meta property=\"og:title\" content=\"Bio - Katherine Southam\" \/>\n<meta property=\"og:description\" content=\"Biographie &nbsp; Ayant grandi dans les Cantons de l\u2019Est et sur les Lacs Rideau en Ontario, les environnements bois\u00e9s et lacustres furent tout naturellement une source d\u2019inspiration pour le d\u00e9veloppement de ma sensibilit\u00e9 artistique, et ils demeurent parmi les fondements de ma pratique artistique. Des \u00e9tudes en histoire de l\u2019art \u00e0 l\u2019Universit\u00e9 Concordia \u00e0 Montr\u00e9al [&hellip;]\" \/>\n<meta property=\"og:url\" content=\"https:\/\/katherinesoutham.com\/fr\/bio\/\" \/>\n<meta property=\"og:site_name\" content=\"Katherine Southam\" \/>\n<meta property=\"article:modified_time\" content=\"2023-01-26T16:48:08+00:00\" \/>\n<meta name=\"twitter:card\" content=\"summary_large_image\" \/>\n<meta name=\"twitter:label1\" content=\"Dur\u00e9e de lecture estim\u00e9e\" \/>\n\t<meta name=\"twitter:data1\" content=\"1 minute\" \/>\n<script type=\"application\/ld+json\" class=\"yoast-schema-graph\">{\"@context\":\"https:\/\/schema.org\",\"@graph\":[{\"@type\":\"WebPage\",\"@id\":\"https:\/\/katherinesoutham.com\/fr\/bio\/\",\"url\":\"https:\/\/katherinesoutham.com\/fr\/bio\/\",\"name\":\"Bio - Katherine Southam\",\"isPartOf\":{\"@id\":\"https:\/\/katherinesoutham.com\/#website\"},\"datePublished\":\"2016-11-02T19:51:49+00:00\",\"dateModified\":\"2023-01-26T16:48:08+00:00\",\"breadcrumb\":{\"@id\":\"https:\/\/katherinesoutham.com\/fr\/bio\/#breadcrumb\"},\"inLanguage\":\"fr-FR\",\"potentialAction\":[{\"@type\":\"ReadAction\",\"target\":[\"https:\/\/katherinesoutham.com\/fr\/bio\/\"]}]},{\"@type\":\"BreadcrumbList\",\"@id\":\"https:\/\/katherinesoutham.com\/fr\/bio\/#breadcrumb\",\"itemListElement\":[{\"@type\":\"ListItem\",\"position\":1,\"name\":\"Home\",\"item\":\"https:\/\/katherinesoutham.com\/fr\/\"},{\"@type\":\"ListItem\",\"position\":2,\"name\":\"Bio\"}]},{\"@type\":\"WebSite\",\"@id\":\"https:\/\/katherinesoutham.com\/#website\",\"url\":\"https:\/\/katherinesoutham.com\/\",\"name\":\"Katherine Southam\",\"description\":\"Artist\",\"publisher\":{\"@id\":\"https:\/\/katherinesoutham.com\/#organization\"},\"potentialAction\":[{\"@type\":\"SearchAction\",\"target\":{\"@type\":\"EntryPoint\",\"urlTemplate\":\"https:\/\/katherinesoutham.com\/?s={search_term_string}\"},\"query-input\":\"required name=search_term_string\"}],\"inLanguage\":\"fr-FR\"},{\"@type\":\"Organization\",\"@id\":\"https:\/\/katherinesoutham.com\/#organization\",\"name\":\"Katherine Southam\",\"url\":\"https:\/\/katherinesoutham.com\/\",\"logo\":{\"@type\":\"ImageObject\",\"inLanguage\":\"fr-FR\",\"@id\":\"https:\/\/katherinesoutham.com\/#\/schema\/logo\/image\/\",\"url\":\"https:\/\/katherinesoutham.com\/wp-content\/uploads\/2019\/08\/Bird-feet-2.jpg\",\"contentUrl\":\"https:\/\/katherinesoutham.com\/wp-content\/uploads\/2019\/08\/Bird-feet-2.jpg\",\"width\":1200,\"height\":800,\"caption\":\"Katherine Southam\"},\"image\":{\"@id\":\"https:\/\/katherinesoutham.com\/#\/schema\/logo\/image\/\"}}]}<\/script>\n<!-- \/ Yoast SEO plugin. -->","yoast_head_json":{"title":"Bio - Katherine Southam","robots":{"index":"index","follow":"follow","max-snippet":"max-snippet:-1","max-image-preview":"max-image-preview:large","max-video-preview":"max-video-preview:-1"},"canonical":"https:\/\/katherinesoutham.com\/fr\/bio\/","og_locale":"fr_FR","og_type":"article","og_title":"Bio - Katherine Southam","og_description":"Biographie &nbsp; Ayant grandi dans les Cantons de l\u2019Est et sur les Lacs Rideau en Ontario, les environnements bois\u00e9s et lacustres furent tout naturellement une source d\u2019inspiration pour le d\u00e9veloppement de ma sensibilit\u00e9 artistique, et ils demeurent parmi les fondements de ma pratique artistique. Des \u00e9tudes en histoire de l\u2019art \u00e0 l\u2019Universit\u00e9 Concordia \u00e0 Montr\u00e9al [&hellip;]","og_url":"https:\/\/katherinesoutham.com\/fr\/bio\/","og_site_name":"Katherine Southam","article_modified_time":"2023-01-26T16:48:08+00:00","twitter_card":"summary_large_image","twitter_misc":{"Dur\u00e9e de lecture estim\u00e9e":"1 minute"},"schema":{"@context":"https:\/\/schema.org","@graph":[{"@type":"WebPage","@id":"https:\/\/katherinesoutham.com\/fr\/bio\/","url":"https:\/\/katherinesoutham.com\/fr\/bio\/","name":"Bio - Katherine Southam","isPartOf":{"@id":"https:\/\/katherinesoutham.com\/#website"},"datePublished":"2016-11-02T19:51:49+00:00","dateModified":"2023-01-26T16:48:08+00:00","breadcrumb":{"@id":"https:\/\/katherinesoutham.com\/fr\/bio\/#breadcrumb"},"inLanguage":"fr-FR","potentialAction":[{"@type":"ReadAction","target":["https:\/\/katherinesoutham.com\/fr\/bio\/"]}]},{"@type":"BreadcrumbList","@id":"https:\/\/katherinesoutham.com\/fr\/bio\/#breadcrumb","itemListElement":[{"@type":"ListItem","position":1,"name":"Home","item":"https:\/\/katherinesoutham.com\/fr\/"},{"@type":"ListItem","position":2,"name":"Bio"}]},{"@type":"WebSite","@id":"https:\/\/katherinesoutham.com\/#website","url":"https:\/\/katherinesoutham.com\/","name":"Katherine Southam","description":"Artist","publisher":{"@id":"https:\/\/katherinesoutham.com\/#organization"},"potentialAction":[{"@type":"SearchAction","target":{"@type":"EntryPoint","urlTemplate":"https:\/\/katherinesoutham.com\/?s={search_term_string}"},"query-input":"required name=search_term_string"}],"inLanguage":"fr-FR"},{"@type":"Organization","@id":"https:\/\/katherinesoutham.com\/#organization","name":"Katherine Southam","url":"https:\/\/katherinesoutham.com\/","logo":{"@type":"ImageObject","inLanguage":"fr-FR","@id":"https:\/\/katherinesoutham.com\/#\/schema\/logo\/image\/","url":"https:\/\/katherinesoutham.com\/wp-content\/uploads\/2019\/08\/Bird-feet-2.jpg","contentUrl":"https:\/\/katherinesoutham.com\/wp-content\/uploads\/2019\/08\/Bird-feet-2.jpg","width":1200,"height":800,"caption":"Katherine Southam"},"image":{"@id":"https:\/\/katherinesoutham.com\/#\/schema\/logo\/image\/"}}]}},"_links":{"self":[{"href":"https:\/\/katherinesoutham.com\/fr\/wp-json\/wp\/v2\/pages\/800"}],"collection":[{"href":"https:\/\/katherinesoutham.com\/fr\/wp-json\/wp\/v2\/pages"}],"about":[{"href":"https:\/\/katherinesoutham.com\/fr\/wp-json\/wp\/v2\/types\/page"}],"author":[{"embeddable":true,"href":"https:\/\/katherinesoutham.com\/fr\/wp-json\/wp\/v2\/users\/1"}],"replies":[{"embeddable":true,"href":"https:\/\/katherinesoutham.com\/fr\/wp-json\/wp\/v2\/comments?post=800"}],"version-history":[{"count":2,"href":"https:\/\/katherinesoutham.com\/fr\/wp-json\/wp\/v2\/pages\/800\/revisions"}],"predecessor-version":[{"id":1568,"href":"https:\/\/katherinesoutham.com\/fr\/wp-json\/wp\/v2\/pages\/800\/revisions\/1568"}],"wp:attachment":[{"href":"https:\/\/katherinesoutham.com\/fr\/wp-json\/wp\/v2\/media?parent=800"}],"curies":[{"name":"wp","href":"https:\/\/api.w.org\/{rel}","templated":true}]}}