{"id":799,"date":"2016-01-13T21:24:36","date_gmt":"2016-01-13T21:24:36","guid":{"rendered":"https:\/\/katherinesoutham.com\/sample-page\/?lang=fr"},"modified":"2023-01-26T16:46:55","modified_gmt":"2023-01-26T16:46:55","slug":"sample-page","status":"publish","type":"page","link":"https:\/\/katherinesoutham.com\/fr\/","title":{"rendered":"Home"},"content":{"rendered":"<p>[et_pb_section fb_built=\u00a0\u00bb1&Prime; custom_padding_last_edited=\u00a0\u00bbon|desktop\u00a0\u00bb admin_label=\u00a0\u00bbSection\u00a0\u00bb _builder_version=\u00a0\u00bb4.16&Prime; custom_padding=\u00a0\u00bb0px|||\u00a0\u00bb custom_padding_tablet=\u00a0\u00bb50px|0|50px|0&Prime; custom_padding_phone=\u00a0\u00bb50px|0|50px|0&Prime; transparent_background=\u00a0\u00bboff\u00a0\u00bb padding_mobile=\u00a0\u00bboff\u00a0\u00bb make_fullwidth=\u00a0\u00bboff\u00a0\u00bb use_custom_width=\u00a0\u00bboff\u00a0\u00bb width_unit=\u00a0\u00bbon\u00a0\u00bb global_colors_info=\u00a0\u00bb{}\u00a0\u00bb][et_pb_row padding_mobile=\u00a0\u00bboff\u00a0\u00bb column_padding_mobile=\u00a0\u00bbon\u00a0\u00bb admin_label=\u00a0\u00bbRow\u00a0\u00bb _builder_version=\u00a0\u00bb4.16&Prime; background_size=\u00a0\u00bbinitial\u00a0\u00bb background_position=\u00a0\u00bbtop_left\u00a0\u00bb background_repeat=\u00a0\u00bbrepeat\u00a0\u00bb max_width=\u00a0\u00bb959px\u00a0\u00bb custom_padding=\u00a0\u00bb20px|||\u00a0\u00bb make_fullwidth=\u00a0\u00bboff\u00a0\u00bb use_custom_width=\u00a0\u00bbon\u00a0\u00bb width_unit=\u00a0\u00bbon\u00a0\u00bb custom_width_px=\u00a0\u00bb959px\u00a0\u00bb global_colors_info=\u00a0\u00bb{}\u00a0\u00bb][et_pb_column type=\u00a0\u00bb4_4&Prime; _builder_version=\u00a0\u00bb4.16&Prime; custom_padding=\u00a0\u00bb|||\u00a0\u00bb global_colors_info=\u00a0\u00bb{}\u00a0\u00bb custom_padding__hover=\u00a0\u00bb|||\u00a0\u00bb][et_pb_image src=\u00a0\u00bbhttps:\/\/katherinesoutham.com\/wp-content\/uploads\/2016\/01\/home-slide-1.jpg\u00a0\u00bb show_bottom_space=\u00a0\u00bboff\u00a0\u00bb align=\u00a0\u00bbcenter\u00a0\u00bb align_tablet=\u00a0\u00bbcenter\u00a0\u00bb align_phone=\u00a0\u00bbcenter\u00a0\u00bb align_last_edited=\u00a0\u00bbon|desktop\u00a0\u00bb admin_label=\u00a0\u00bbImage\u00a0\u00bb _builder_version=\u00a0\u00bb4.16&Prime; border_width_all=\u00a0\u00bb2px\u00a0\u00bb border_color_all=\u00a0\u00bb#f2f2f2&Prime; border_style_all=\u00a0\u00bbridge\u00a0\u00bb animation=\u00a0\u00bboff\u00a0\u00bb sticky=\u00a0\u00bbon\u00a0\u00bb use_border_color=\u00a0\u00bbon\u00a0\u00bb border_color=\u00a0\u00bb#f2f2f2&Prime; border_width=\u00a0\u00bb2px\u00a0\u00bb border_style=\u00a0\u00bbridge\u00a0\u00bb always_center_on_mobile=\u00a0\u00bbon\u00a0\u00bb global_colors_info=\u00a0\u00bb{}\u00a0\u00bb] [\/et_pb_image][\/et_pb_column][\/et_pb_row][\/et_pb_section][et_pb_section fb_built=\u00a0\u00bb1&Prime; custom_padding_last_edited=\u00a0\u00bbon|desktop\u00a0\u00bb admin_label=\u00a0\u00bbsection\u00a0\u00bb _builder_version=\u00a0\u00bb4.16&Prime; custom_padding=\u00a0\u00bb-30px||0px|\u00a0\u00bb custom_padding_tablet=\u00a0\u00bb50px|0|50px|0&Prime; custom_padding_phone=\u00a0\u00bb50px|0|50px|0&Prime; transparent_background=\u00a0\u00bboff\u00a0\u00bb padding_mobile=\u00a0\u00bboff\u00a0\u00bb make_fullwidth=\u00a0\u00bboff\u00a0\u00bb use_custom_width=\u00a0\u00bboff\u00a0\u00bb width_unit=\u00a0\u00bbon\u00a0\u00bb global_colors_info=\u00a0\u00bb{}\u00a0\u00bb][et_pb_row column_structure=\u00a0\u00bb1_2,1_2&Prime; padding_mobile=\u00a0\u00bboff\u00a0\u00bb column_padding_mobile=\u00a0\u00bbon\u00a0\u00bb admin_label=\u00a0\u00bbrow\u00a0\u00bb _builder_version=\u00a0\u00bb4.19.4&Prime; background_size=\u00a0\u00bbinitial\u00a0\u00bb background_position=\u00a0\u00bbtop_left\u00a0\u00bb background_repeat=\u00a0\u00bbrepeat\u00a0\u00bb max_width=\u00a0\u00bb959px\u00a0\u00bb custom_padding=\u00a0\u00bb15px|||\u00a0\u00bb hover_enabled=\u00a0\u00bb0&Prime; make_fullwidth=\u00a0\u00bboff\u00a0\u00bb use_custom_width=\u00a0\u00bbon\u00a0\u00bb width_unit=\u00a0\u00bbon\u00a0\u00bb custom_width_px=\u00a0\u00bb959px\u00a0\u00bb global_colors_info=\u00a0\u00bb{}\u00a0\u00bb make_equal=\u00a0\u00bbon\u00a0\u00bb sticky_enabled=\u00a0\u00bb0&Prime;][et_pb_column type=\u00a0\u00bb1_2&Prime; _builder_version=\u00a0\u00bb4.16&Prime; custom_padding=\u00a0\u00bb||0px|\u00a0\u00bb global_colors_info=\u00a0\u00bb{}\u00a0\u00bb custom_padding__hover=\u00a0\u00bb|||\u00a0\u00bb][et_pb_image src=\u00a0\u00bbhttps:\/\/katherinesoutham.com\/wp-content\/uploads\/2023\/01\/Main-page-image-composition.jpg\u00a0\u00bb show_bottom_space=\u00a0\u00bboff\u00a0\u00bb align_tablet=\u00a0\u00bbcenter\u00a0\u00bb align_phone=\u00a0\u00bbcenter\u00a0\u00bb align_last_edited=\u00a0\u00bbon|desktop\u00a0\u00bb admin_label=\u00a0\u00bbImage\u00a0\u00bb _builder_version=\u00a0\u00bb4.19.4&Prime; animation=\u00a0\u00bboff\u00a0\u00bb sticky=\u00a0\u00bbon\u00a0\u00bb use_border_color=\u00a0\u00bboff\u00a0\u00bb border_color=\u00a0\u00bb#ffffff\u00a0\u00bb border_style=\u00a0\u00bbsolid\u00a0\u00bb always_center_on_mobile=\u00a0\u00bbon\u00a0\u00bb global_colors_info=\u00a0\u00bb{}\u00a0\u00bb] [\/et_pb_image][\/et_pb_column][et_pb_column type=\u00a0\u00bb1_2&Prime; _builder_version=\u00a0\u00bb4.16&Prime; custom_padding=\u00a0\u00bb||0px|\u00a0\u00bb global_colors_info=\u00a0\u00bb{}\u00a0\u00bb custom_padding__hover=\u00a0\u00bb|||\u00a0\u00bb][et_pb_text admin_label=\u00a0\u00bbText\u00a0\u00bb _builder_version=\u00a0\u00bb4.19.4&Prime; text_font_size=\u00a0\u00bb20&Prime; background_size=\u00a0\u00bbinitial\u00a0\u00bb background_position=\u00a0\u00bbtop_left\u00a0\u00bb background_repeat=\u00a0\u00bbrepeat\u00a0\u00bb custom_padding=\u00a0\u00bb0px||||false|false\u00a0\u00bb use_border_color=\u00a0\u00bboff\u00a0\u00bb border_color=\u00a0\u00bb#ffffff\u00a0\u00bb border_style=\u00a0\u00bbsolid\u00a0\u00bb global_colors_info=\u00a0\u00bb{}\u00a0\u00bb]<\/p>\n<h3>D\u00e9marche Artistique<\/h3>\n<hr \/>\n<p>&nbsp;<\/p>\n<p>[\/et_pb_text][et_pb_text admin_label=\u00a0\u00bbText\u00a0\u00bb _builder_version=\u00a0\u00bb4.19.4&Prime; background_size=\u00a0\u00bbinitial\u00a0\u00bb background_position=\u00a0\u00bbtop_left\u00a0\u00bb background_repeat=\u00a0\u00bbrepeat\u00a0\u00bb text_orientation=\u00a0\u00bbjustified\u00a0\u00bb custom_margin=\u00a0\u00bb-15px|||\u00a0\u00bb custom_padding=\u00a0\u00bb0px||||false|false\u00a0\u00bb use_border_color=\u00a0\u00bboff\u00a0\u00bb border_color=\u00a0\u00bb#ffffff\u00a0\u00bb border_style=\u00a0\u00bbsolid\u00a0\u00bb global_colors_info=\u00a0\u00bb{}\u00a0\u00bb]<\/p>\n<p>Ma pratique du verre a toujours \u00e9t\u00e9 inspir\u00e9e par la nature et ses habitants. Je tente de mettre en \u00e9vidence l\u2019inextricabilit\u00e9 des mondes humain et naturel en juxtaposant des \u00e9l\u00e9ments de chacun au sein d\u2019un m\u00eame agencement. En cr\u00e9ant des cr\u00e9atures conceptuellement fantastiques, li\u00e9es et en interaction avec leurs \u00e9l\u00e9ments naturels, je r\u00e9invente des consid\u00e9rations d\u2019iconographie anthropomorphique et mythologique. Cette combinaison du familier et de l\u2019inconnu produit des formes souvent d\u00e9s\u00e9quilibrant pour le spectateur. Le fascinant potentiel du moulage de pi\u00e8ces en verre coul\u00e9 pour cr\u00e9er des compositions narratives est renforc\u00e9 par la qualit\u00e9 r\u00e9fl\u00e9chissante et translucide du verre. Je travaille le verre sous forme de verre coul\u00e9 depuis plus d\u2019une d\u00e9cennie; depuis 2015 je suis artiste r\u00e9sidente au Loretta Studios and Gallery \u00e0 Ottawa, ou je pratique et enseigne le verre moul\u00e9.<\/p>\n<p>[\/et_pb_text][\/et_pb_column][\/et_pb_row][\/et_pb_section]<\/p>\n<span class=\"et_bloom_bottom_trigger\"><\/span>","protected":false},"excerpt":{"rendered":"<p>D\u00e9marche Artistique &nbsp;Ma pratique du verre a toujours \u00e9t\u00e9 inspir\u00e9e par la nature et ses habitants. Je tente de mettre en \u00e9vidence l\u2019inextricabilit\u00e9 des mondes humain et naturel en juxtaposant des \u00e9l\u00e9ments de chacun au sein d\u2019un m\u00eame agencement. En cr\u00e9ant des cr\u00e9atures conceptuellement fantastiques, li\u00e9es et en interaction avec leurs \u00e9l\u00e9ments naturels, je r\u00e9invente [&hellip;]<\/p>\n","protected":false},"author":1,"featured_media":0,"parent":0,"menu_order":0,"comment_status":"closed","ping_status":"open","template":"","meta":{"_et_pb_use_builder":"on","_et_pb_old_content":"<p>This is an example page. It's different from a blog post because it will stay in one place and will show up in your site navigation (in most themes). Most people start with an About page that introduces them to potential site visitors. It might say something like this:<\/p><blockquote><p>Hi there! I'm a bike messenger by day, aspiring actor by night, and this is my website. I live in Los Angeles, have a great dog named Jack, and I like pi\u00f1a coladas. (And gettin' caught in the rain.)<\/p><\/blockquote><p>...or something like this:<\/p><blockquote><p>The XYZ Doohickey Company was founded in 1971, and has been providing quality doohickeys to the public ever since. Located in Gotham City, XYZ employs over 2,000 people and does all kinds of awesome things for the Gotham community.<\/p><\/blockquote><p>As a new WordPress user, you should go to <a href=\"https:\/\/katherinesoutham.com\/bjrlandscaping\/wp-admin\/\">your dashboard<\/a> to delete this page and create new pages for your content. Have fun!<\/p>","_et_gb_content_width":"","footnotes":""},"class_list":["post-799","page","type-page","status-publish","hentry"],"yoast_head":"<!-- This site is optimized with the Yoast SEO plugin v23.0 - https:\/\/yoast.com\/wordpress\/plugins\/seo\/ -->\n<title>Home - Katherine Southam<\/title>\n<meta name=\"robots\" content=\"index, follow, max-snippet:-1, max-image-preview:large, max-video-preview:-1\" \/>\n<link rel=\"canonical\" href=\"https:\/\/katherinesoutham.com\/fr\/\" \/>\n<meta property=\"og:locale\" content=\"fr_FR\" \/>\n<meta property=\"og:type\" content=\"article\" \/>\n<meta property=\"og:title\" content=\"Home - Katherine Southam\" \/>\n<meta property=\"og:description\" content=\"D\u00e9marche Artistique &nbsp;Ma pratique du verre a toujours \u00e9t\u00e9 inspir\u00e9e par la nature et ses habitants. Je tente de mettre en \u00e9vidence l\u2019inextricabilit\u00e9 des mondes humain et naturel en juxtaposant des \u00e9l\u00e9ments de chacun au sein d\u2019un m\u00eame agencement. En cr\u00e9ant des cr\u00e9atures conceptuellement fantastiques, li\u00e9es et en interaction avec leurs \u00e9l\u00e9ments naturels, je r\u00e9invente [&hellip;]\" \/>\n<meta property=\"og:url\" content=\"https:\/\/katherinesoutham.com\/fr\/\" \/>\n<meta property=\"og:site_name\" content=\"Katherine Southam\" \/>\n<meta property=\"article:modified_time\" content=\"2023-01-26T16:46:55+00:00\" \/>\n<meta name=\"twitter:card\" content=\"summary_large_image\" \/>\n<meta name=\"twitter:label1\" content=\"Dur\u00e9e de lecture estim\u00e9e\" \/>\n\t<meta name=\"twitter:data1\" content=\"2 minutes\" \/>\n<script type=\"application\/ld+json\" class=\"yoast-schema-graph\">{\"@context\":\"https:\/\/schema.org\",\"@graph\":[{\"@type\":\"WebPage\",\"@id\":\"https:\/\/katherinesoutham.com\/fr\/\",\"url\":\"https:\/\/katherinesoutham.com\/fr\/\",\"name\":\"Home - Katherine Southam\",\"isPartOf\":{\"@id\":\"https:\/\/katherinesoutham.com\/#website\"},\"datePublished\":\"2016-01-13T21:24:36+00:00\",\"dateModified\":\"2023-01-26T16:46:55+00:00\",\"breadcrumb\":{\"@id\":\"https:\/\/katherinesoutham.com\/fr\/#breadcrumb\"},\"inLanguage\":\"fr-FR\",\"potentialAction\":[{\"@type\":\"ReadAction\",\"target\":[\"https:\/\/katherinesoutham.com\/fr\/\"]}]},{\"@type\":\"BreadcrumbList\",\"@id\":\"https:\/\/katherinesoutham.com\/fr\/#breadcrumb\",\"itemListElement\":[{\"@type\":\"ListItem\",\"position\":1,\"name\":\"Home\",\"item\":\"https:\/\/katherinesoutham.com\/fr\/\"},{\"@type\":\"ListItem\",\"position\":2,\"name\":\"Home\"}]},{\"@type\":\"WebSite\",\"@id\":\"https:\/\/katherinesoutham.com\/#website\",\"url\":\"https:\/\/katherinesoutham.com\/\",\"name\":\"Katherine Southam\",\"description\":\"Artist\",\"publisher\":{\"@id\":\"https:\/\/katherinesoutham.com\/#organization\"},\"potentialAction\":[{\"@type\":\"SearchAction\",\"target\":{\"@type\":\"EntryPoint\",\"urlTemplate\":\"https:\/\/katherinesoutham.com\/?s={search_term_string}\"},\"query-input\":\"required name=search_term_string\"}],\"inLanguage\":\"fr-FR\"},{\"@type\":\"Organization\",\"@id\":\"https:\/\/katherinesoutham.com\/#organization\",\"name\":\"Katherine Southam\",\"url\":\"https:\/\/katherinesoutham.com\/\",\"logo\":{\"@type\":\"ImageObject\",\"inLanguage\":\"fr-FR\",\"@id\":\"https:\/\/katherinesoutham.com\/#\/schema\/logo\/image\/\",\"url\":\"https:\/\/katherinesoutham.com\/wp-content\/uploads\/2019\/08\/Bird-feet-2.jpg\",\"contentUrl\":\"https:\/\/katherinesoutham.com\/wp-content\/uploads\/2019\/08\/Bird-feet-2.jpg\",\"width\":1200,\"height\":800,\"caption\":\"Katherine Southam\"},\"image\":{\"@id\":\"https:\/\/katherinesoutham.com\/#\/schema\/logo\/image\/\"}}]}<\/script>\n<!-- \/ Yoast SEO plugin. -->","yoast_head_json":{"title":"Home - Katherine Southam","robots":{"index":"index","follow":"follow","max-snippet":"max-snippet:-1","max-image-preview":"max-image-preview:large","max-video-preview":"max-video-preview:-1"},"canonical":"https:\/\/katherinesoutham.com\/fr\/","og_locale":"fr_FR","og_type":"article","og_title":"Home - Katherine Southam","og_description":"D\u00e9marche Artistique &nbsp;Ma pratique du verre a toujours \u00e9t\u00e9 inspir\u00e9e par la nature et ses habitants. Je tente de mettre en \u00e9vidence l\u2019inextricabilit\u00e9 des mondes humain et naturel en juxtaposant des \u00e9l\u00e9ments de chacun au sein d\u2019un m\u00eame agencement. En cr\u00e9ant des cr\u00e9atures conceptuellement fantastiques, li\u00e9es et en interaction avec leurs \u00e9l\u00e9ments naturels, je r\u00e9invente [&hellip;]","og_url":"https:\/\/katherinesoutham.com\/fr\/","og_site_name":"Katherine Southam","article_modified_time":"2023-01-26T16:46:55+00:00","twitter_card":"summary_large_image","twitter_misc":{"Dur\u00e9e de lecture estim\u00e9e":"2 minutes"},"schema":{"@context":"https:\/\/schema.org","@graph":[{"@type":"WebPage","@id":"https:\/\/katherinesoutham.com\/fr\/","url":"https:\/\/katherinesoutham.com\/fr\/","name":"Home - Katherine Southam","isPartOf":{"@id":"https:\/\/katherinesoutham.com\/#website"},"datePublished":"2016-01-13T21:24:36+00:00","dateModified":"2023-01-26T16:46:55+00:00","breadcrumb":{"@id":"https:\/\/katherinesoutham.com\/fr\/#breadcrumb"},"inLanguage":"fr-FR","potentialAction":[{"@type":"ReadAction","target":["https:\/\/katherinesoutham.com\/fr\/"]}]},{"@type":"BreadcrumbList","@id":"https:\/\/katherinesoutham.com\/fr\/#breadcrumb","itemListElement":[{"@type":"ListItem","position":1,"name":"Home","item":"https:\/\/katherinesoutham.com\/fr\/"},{"@type":"ListItem","position":2,"name":"Home"}]},{"@type":"WebSite","@id":"https:\/\/katherinesoutham.com\/#website","url":"https:\/\/katherinesoutham.com\/","name":"Katherine Southam","description":"Artist","publisher":{"@id":"https:\/\/katherinesoutham.com\/#organization"},"potentialAction":[{"@type":"SearchAction","target":{"@type":"EntryPoint","urlTemplate":"https:\/\/katherinesoutham.com\/?s={search_term_string}"},"query-input":"required name=search_term_string"}],"inLanguage":"fr-FR"},{"@type":"Organization","@id":"https:\/\/katherinesoutham.com\/#organization","name":"Katherine Southam","url":"https:\/\/katherinesoutham.com\/","logo":{"@type":"ImageObject","inLanguage":"fr-FR","@id":"https:\/\/katherinesoutham.com\/#\/schema\/logo\/image\/","url":"https:\/\/katherinesoutham.com\/wp-content\/uploads\/2019\/08\/Bird-feet-2.jpg","contentUrl":"https:\/\/katherinesoutham.com\/wp-content\/uploads\/2019\/08\/Bird-feet-2.jpg","width":1200,"height":800,"caption":"Katherine Southam"},"image":{"@id":"https:\/\/katherinesoutham.com\/#\/schema\/logo\/image\/"}}]}},"_links":{"self":[{"href":"https:\/\/katherinesoutham.com\/fr\/wp-json\/wp\/v2\/pages\/799"}],"collection":[{"href":"https:\/\/katherinesoutham.com\/fr\/wp-json\/wp\/v2\/pages"}],"about":[{"href":"https:\/\/katherinesoutham.com\/fr\/wp-json\/wp\/v2\/types\/page"}],"author":[{"embeddable":true,"href":"https:\/\/katherinesoutham.com\/fr\/wp-json\/wp\/v2\/users\/1"}],"replies":[{"embeddable":true,"href":"https:\/\/katherinesoutham.com\/fr\/wp-json\/wp\/v2\/comments?post=799"}],"version-history":[{"count":3,"href":"https:\/\/katherinesoutham.com\/fr\/wp-json\/wp\/v2\/pages\/799\/revisions"}],"predecessor-version":[{"id":1566,"href":"https:\/\/katherinesoutham.com\/fr\/wp-json\/wp\/v2\/pages\/799\/revisions\/1566"}],"wp:attachment":[{"href":"https:\/\/katherinesoutham.com\/fr\/wp-json\/wp\/v2\/media?parent=799"}],"curies":[{"name":"wp","href":"https:\/\/api.w.org\/{rel}","templated":true}]}}